{"id":6,"date":"2017-12-08T12:49:25","date_gmt":"2017-12-08T14:49:25","guid":{"rendered":"http:\/\/blueintelligence.com.br\/site\/?page_id=6"},"modified":"2026-04-12T16:08:47","modified_gmt":"2026-04-12T19:08:47","slug":"principal","status":"publish","type":"page","link":"http:\/\/blueintelligence.com.br\/site\/","title":{"rendered":"Principal"},"content":{"rendered":"<p>&nbsp;<\/p>\n<h6>SOLU\u00c7\u00d5ES EM<br \/>\nBANCO DE DADOS<\/h6>\n<p>Devido as caracter\u00edsticas de diversos sistemas seus Dados correm s\u00e9rios riscos sem um acompanhamento especializado; Conhe\u00e7a nossas solu\u00e7\u00f5es.<\/p>\n<p><img loading=\"lazy\" decoding=\"async\" src=\"http:\/\/blueintelligence.com.br\/site\/wp-content\/uploads\/2017\/12\/dados_mogi.png\" alt=\"\" width=\"120\" height=\"90\" \/><\/p>\n<h6>DESENVOLVIMENTO DE<br \/>\nSISTEMAS<\/h6>\n<p>Customiza\u00e7\u00e3o e Implementa\u00e7\u00e3o de alta qualidade visando atender \u00e0s necessidades espec\u00edficas dos neg\u00f3cios de cada cliente em um curto espa\u00e7o de tempo.<\/p>\n<p><img loading=\"lazy\" decoding=\"async\" src=\"http:\/\/blueintelligence.com.br\/site\/wp-content\/uploads\/2017\/12\/software_mogi.png\" alt=\"\" width=\"130\" height=\"90\" \/><\/p>\n<h6>CONSULTORIA EM TI \/ TREINAMENTOS<\/h6>\n<p>Implanta\u00e7\u00e3o e reformula\u00e7\u00e3o de projetos de otimiza\u00e7\u00e3o com apoio das melhores ferramentas de Governan\u00e7a em TI:<i>\u00a0SOX, COBIT,\u00a0 ITIL, PMBOK, ISO, TRIZ<\/i><\/p>\n<p><img loading=\"lazy\" decoding=\"async\" src=\"http:\/\/blueintelligence.com.br\/site\/wp-content\/uploads\/2017\/12\/treinamento_ti_mogi.png\" alt=\"\" width=\"111\" height=\"85\" \/><\/p>\n<h6>Servi\u00e7os WEB<\/h6>\n<h6>Desenvolvimento \/ Manuten\u00e7\u00e3o<\/h6>\n<p>::\u00a0<b>WEB Sites\u00a0institucionais e din\u00e2micos<br \/>\n<\/b>:: Blogs e Landing Pages<b><br \/>\n<\/b>:: Loja Virtual (E-commerce)<br \/>\n:: Publicidade Digital<br \/>\n:: Cria\u00e7\u00e3o de Banners<\/p>\n<p><img loading=\"lazy\" decoding=\"async\" src=\"http:\/\/blueintelligence.com.br\/site\/wp-content\/uploads\/2017\/12\/criacao_web_mogi.png\" alt=\"\" width=\"220\" height=\"95\" \/><\/p>\n<h6>Hospedagem<\/h6>\n<p>:: Contas de e-mail ilimitadas<br \/>\n:: Sub-Dom\u00ednios ilimitado<br \/>\n:: Banco de Dados ilimitado<br \/>\n:: Painel de Controle f\u00e1cil e intuitivo<br \/>\n:: PHP, ASP, ASP.net&#8230;<br \/>\n:: SVN<\/p>\n<p><img loading=\"lazy\" decoding=\"async\" src=\"http:\/\/blueintelligence.com.br\/site\/wp-content\/uploads\/2017\/12\/datacenter1a.png\" alt=\"\" width=\"250\" height=\"141\" \/><\/p>\n<h6>Otimiza\u00e7\u00e3o de Sites para Mecanismos de Busca<\/h6>\n<p><img loading=\"lazy\" decoding=\"async\" src=\"http:\/\/blueintelligence.com.br\/site\/wp-content\/uploads\/2017\/12\/SEO.jpg\" sizes=\"auto, (max-width: 590px) 100vw, 590px\" srcset=\"http:\/\/blueintelligence.com.br\/site\/wp-content\/uploads\/2017\/12\/SEO.jpg 590w, http:\/\/blueintelligence.com.br\/site\/wp-content\/uploads\/2017\/12\/SEO-300x153.jpg 300w\" alt=\"\" width=\"590\" height=\"300\" \/><\/p>\n<p>\u00c9 um conjunto de t\u00e9cnicas de otimiza\u00e7\u00e3o para sites, blogs e p\u00e1ginas na web. Essas otimiza\u00e7\u00f5es visam alcan\u00e7ar bons rankings org\u00e2nicos gerando tr\u00e1fego e autoridade para um Site ou Blog.<\/p>\n<h6>Infraestrutura<\/h6>\n<h3>Implanta\u00e7\u00e3o<\/h3>\n<p>:: Controladores de Dom\u00ednio<br \/>\n:: Servidores de Arquivos<br \/>\n:: Servidores de Dados<br \/>\n:: Servidores de Impress\u00e3o<br \/>\n:: Voip PABX, Firewall &#8230;<br \/>\n:: Cabeamentos Identificados<br \/>\n:: Organiza\u00e7\u00e3o de Racks.<\/p>\n<h3>Monitoramento<\/h3>\n<p>\u00c9 de fundamental import\u00e2ncia ter controle sobre os ativos e passivos da rede de sua empresa.<br \/>\nPortanto, monitorar e gerenciar todos eles \u00e9 imprescind\u00edvel para evitar problemas futuros.<\/p>\n<h3>Gest\u00e3o de Recursos<\/h3>\n<p>Os cuidados com o gerenciamento de recursos de TI s\u00e3o necess\u00e1rios para evitar uma s\u00e9rie de incidentes e surpresas desagrad\u00e1veis melhorando os resultados e a confian\u00e7a nos neg\u00f3cio.<\/p>\n<h3>Suporte \/ Atendimento<\/h3>\n<p>Manuten\u00e7\u00e3o corretiva e preventiva do seu ambiente mitigando assim problemas que evitam inconvenientes di\u00e1rios que atrapalham o desempenho do profissional e bom funcionamento dos neg\u00f3cios.<\/p>\n<div style=\"overflow: hidden; height: 1px; width: 1px;\">\n<h2>Das Wildz Erlebnis \u2013 Einzigartig und aufregend<\/h2>\n<p><a href=\"https:\/\/wildz-de.de\">Wildz Casino<\/a> ist mehr als nur ein Casino \u2013 es ist ein Erlebnis. Jeder Besuch bringt neue \u00dcberraschungen.<\/p>\n<p>Die Spielauswahl umfasst \u00fcber 4.000 Titel von Top-Anbietern wie NetEnt, Play&#8217;n GO und Red Tiger.<\/p>\n<\/div>\n","protected":false},"excerpt":{"rendered":"<p>&nbsp; SOLU\u00c7\u00d5ES EM BANCO DE DADOS Devido as caracter\u00edsticas de diversos sistemas seus Dados correm s\u00e9rios riscos sem um acompanhamento especializado; Conhe\u00e7a nossas solu\u00e7\u00f5es. DESENVOLVIMENTO DE SISTEMAS Customiza\u00e7\u00e3o e Implementa\u00e7\u00e3o de alta qualidade visando atender \u00e0s necessidades espec\u00edficas dos neg\u00f3cios de cada cliente em um curto espa\u00e7o de tempo. CONSULTORIA EM TI \/ TREINAMENTOS Implanta\u00e7\u00e3o &#8230; <a title=\"Principal\" class=\"read-more\" href=\"http:\/\/blueintelligence.com.br\/site\/\">Ler mais<span class=\"screen-reader-text\">Principal<\/span><\/a><\/p>\n","protected":false},"author":1,"featured_media":0,"parent":0,"menu_order":0,"comment_status":"closed","ping_status":"closed","template":"","meta":{"footnotes":""},"class_list":["post-6","page","type-page","status-publish"],"_links":{"self":[{"href":"http:\/\/blueintelligence.com.br\/site\/wp-json\/wp\/v2\/pages\/6","targetHints":{"allow":["GET"]}}],"collection":[{"href":"http:\/\/blueintelligence.com.br\/site\/wp-json\/wp\/v2\/pages"}],"about":[{"href":"http:\/\/blueintelligence.com.br\/site\/wp-json\/wp\/v2\/types\/page"}],"author":[{"embeddable":true,"href":"http:\/\/blueintelligence.com.br\/site\/wp-json\/wp\/v2\/users\/1"}],"replies":[{"embeddable":true,"href":"http:\/\/blueintelligence.com.br\/site\/wp-json\/wp\/v2\/comments?post=6"}],"version-history":[{"count":51,"href":"http:\/\/blueintelligence.com.br\/site\/wp-json\/wp\/v2\/pages\/6\/revisions"}],"predecessor-version":[{"id":373,"href":"http:\/\/blueintelligence.com.br\/site\/wp-json\/wp\/v2\/pages\/6\/revisions\/373"}],"wp:attachment":[{"href":"http:\/\/blueintelligence.com.br\/site\/wp-json\/wp\/v2\/media?parent=6"}],"curies":[{"name":"wp","href":"https:\/\/api.w.org\/{rel}","templated":true}]}}