{"id":143,"date":"2017-12-08T16:28:06","date_gmt":"2017-12-08T18:28:06","guid":{"rendered":"http:\/\/blueintelligence.com.br\/site\/?page_id=143"},"modified":"2017-12-08T23:44:12","modified_gmt":"2017-12-09T01:44:12","slug":"suporte","status":"publish","type":"page","link":"http:\/\/blueintelligence.com.br\/site\/suporte\/","title":{"rendered":"Solicitar Suporte Remoto"},"content":{"rendered":"<h4>Cliente<\/h4>\n<p>Clique na imagem para iniciar o procedimento de suporte remoto<\/p>\n<p>\t\t\t\t\t\t<a href=\"https:\/\/898.tv\/blueintelligence\" data-elementor-open-lightbox=\"default\"><br \/>\n\t\t<img loading=\"lazy\" decoding=\"async\" width=\"300\" height=\"191\" src=\"http:\/\/blueintelligence.com.br\/site\/wp-content\/uploads\/2017\/12\/hekpdesk-300x191.jpg\" alt=\"\" srcset=\"http:\/\/blueintelligence.com.br\/site\/wp-content\/uploads\/2017\/12\/hekpdesk-300x191.jpg 300w, http:\/\/blueintelligence.com.br\/site\/wp-content\/uploads\/2017\/12\/hekpdesk-768x489.jpg 768w, http:\/\/blueintelligence.com.br\/site\/wp-content\/uploads\/2017\/12\/hekpdesk.jpg 800w\" sizes=\"auto, (max-width: 300px) 100vw, 300px\" \/>\t\t\t\t<\/a><\/p>\n<p>Suporte de forma remota agilizando o processo por\u00e9m em caso de necessidade o deslocamento ser\u00e1 feito at\u00e9 o site do solicitante de acordo com as regras contratadas.<\/p>\n<h4>N\u00e3o sou Cliente<\/h4>\n<p>Entre em contato para obter os procedimentos necess\u00e1rio para o suporte remoto para n\u00e3o cliente<\/p>\n<p>\t\t\t\t\t\t<a href=\"http:\/\/blueintelligence.com.br\/site\/contato\/\" data-elementor-open-lightbox=\"default\"><br \/>\n\t\t<img loading=\"lazy\" decoding=\"async\" width=\"300\" height=\"150\" src=\"http:\/\/blueintelligence.com.br\/site\/wp-content\/uploads\/2017\/12\/suporte-300x150-300x150.png\" alt=\"\" \/>\t\t\t\t<\/a><\/p>\n","protected":false},"excerpt":{"rendered":"<p>Cliente Clique na imagem para iniciar o procedimento de suporte remoto Suporte de forma remota agilizando o processo por\u00e9m em caso de necessidade o deslocamento ser\u00e1 feito at\u00e9 o site do solicitante de acordo com as regras contratadas. N\u00e3o sou Cliente Entre em contato para obter os procedimentos necess\u00e1rio para o suporte remoto para n\u00e3o &#8230; <a title=\"Solicitar Suporte Remoto\" class=\"read-more\" href=\"http:\/\/blueintelligence.com.br\/site\/suporte\/\">Ler mais<span class=\"screen-reader-text\">Solicitar Suporte Remoto<\/span><\/a><\/p>\n","protected":false},"author":1,"featured_media":0,"parent":0,"menu_order":0,"comment_status":"closed","ping_status":"closed","template":"","meta":{"footnotes":""},"class_list":["post-143","page","type-page","status-publish"],"_links":{"self":[{"href":"http:\/\/blueintelligence.com.br\/site\/wp-json\/wp\/v2\/pages\/143","targetHints":{"allow":["GET"]}}],"collection":[{"href":"http:\/\/blueintelligence.com.br\/site\/wp-json\/wp\/v2\/pages"}],"about":[{"href":"http:\/\/blueintelligence.com.br\/site\/wp-json\/wp\/v2\/types\/page"}],"author":[{"embeddable":true,"href":"http:\/\/blueintelligence.com.br\/site\/wp-json\/wp\/v2\/users\/1"}],"replies":[{"embeddable":true,"href":"http:\/\/blueintelligence.com.br\/site\/wp-json\/wp\/v2\/comments?post=143"}],"version-history":[{"count":18,"href":"http:\/\/blueintelligence.com.br\/site\/wp-json\/wp\/v2\/pages\/143\/revisions"}],"predecessor-version":[{"id":275,"href":"http:\/\/blueintelligence.com.br\/site\/wp-json\/wp\/v2\/pages\/143\/revisions\/275"}],"wp:attachment":[{"href":"http:\/\/blueintelligence.com.br\/site\/wp-json\/wp\/v2\/media?parent=143"}],"curies":[{"name":"wp","href":"https:\/\/api.w.org\/{rel}","templated":true}]}}