{"id":13,"date":"2017-12-08T12:55:25","date_gmt":"2017-12-08T14:55:25","guid":{"rendered":"http:\/\/blueintelligence.com.br\/site\/?page_id=13"},"modified":"2017-12-08T20:47:35","modified_gmt":"2017-12-08T22:47:35","slug":"empresa","status":"publish","type":"page","link":"http:\/\/blueintelligence.com.br\/site\/empresa\/","title":{"rendered":"Empresa"},"content":{"rendered":"<h2>Quem Somos<\/h2>\n<p>BLUE Intelligence sediada em MACAP\u00c1, surgiu da uni\u00e3o entre pessoas detentoras de um profundo conhecimento em Sistemas Computacionais bem como de Gestores de Projetos, Gestores da Qualidade, Publicit\u00e1rios e Administradores; assim somos um time que faz da Blue Intelligence uma empresa integradora de solu\u00e7\u00f5es que atua com o foco nas necessidades espec\u00edficas de cada cliente trazendo a luz que faltava.<\/p>\n<p>Nossa principal tarefa \u00e9 a de prover solu\u00e7\u00f5es de Tecnologia da Informa\u00e7\u00e3o de qualidade que proporcionem aos nossos clientes uma maior efici\u00eancia e dinamismo em seus processos de neg\u00f3cios al\u00e9m de uma maior visibilidade no mercado..<br \/>Mantemos uma constante busca por atualiza\u00e7\u00e3o tecnol\u00f3gica que facilite para estes clientes atingirem um n\u00edvel de competitividade que os diferencie no mercado em que atuam\u00a0sempre visando a qualidade cont\u00ednua;<\/p>\n","protected":false},"excerpt":{"rendered":"<p>Quem Somos BLUE Intelligence sediada em MACAP\u00c1, surgiu da uni\u00e3o entre pessoas detentoras de um profundo conhecimento em Sistemas Computacionais bem como de Gestores de Projetos, Gestores da Qualidade, Publicit\u00e1rios e Administradores; assim somos um time que faz da Blue Intelligence uma empresa integradora de solu\u00e7\u00f5es que atua com o foco nas necessidades espec\u00edficas de &#8230; <a title=\"Empresa\" class=\"read-more\" href=\"http:\/\/blueintelligence.com.br\/site\/empresa\/\">Ler mais<span class=\"screen-reader-text\">Empresa<\/span><\/a><\/p>\n","protected":false},"author":1,"featured_media":0,"parent":0,"menu_order":0,"comment_status":"closed","ping_status":"closed","template":"","meta":{"footnotes":""},"class_list":["post-13","page","type-page","status-publish"],"_links":{"self":[{"href":"http:\/\/blueintelligence.com.br\/site\/wp-json\/wp\/v2\/pages\/13","targetHints":{"allow":["GET"]}}],"collection":[{"href":"http:\/\/blueintelligence.com.br\/site\/wp-json\/wp\/v2\/pages"}],"about":[{"href":"http:\/\/blueintelligence.com.br\/site\/wp-json\/wp\/v2\/types\/page"}],"author":[{"embeddable":true,"href":"http:\/\/blueintelligence.com.br\/site\/wp-json\/wp\/v2\/users\/1"}],"replies":[{"embeddable":true,"href":"http:\/\/blueintelligence.com.br\/site\/wp-json\/wp\/v2\/comments?post=13"}],"version-history":[{"count":7,"href":"http:\/\/blueintelligence.com.br\/site\/wp-json\/wp\/v2\/pages\/13\/revisions"}],"predecessor-version":[{"id":231,"href":"http:\/\/blueintelligence.com.br\/site\/wp-json\/wp\/v2\/pages\/13\/revisions\/231"}],"wp:attachment":[{"href":"http:\/\/blueintelligence.com.br\/site\/wp-json\/wp\/v2\/media?parent=13"}],"curies":[{"name":"wp","href":"https:\/\/api.w.org\/{rel}","templated":true}]}}